{"id":158,"date":"2019-07-31T11:02:57","date_gmt":"2019-07-31T09:02:57","guid":{"rendered":"http:\/\/www.lernen-erleben.org\/?page_id=158"},"modified":"2019-07-31T11:02:57","modified_gmt":"2019-07-31T09:02:57","slug":"herzlich-willkommen","status":"publish","type":"page","link":"https:\/\/lernen-erleben.org\/","title":{"rendered":"Herzlich Willkommen!"},"content":{"rendered":"<h2>Weiterbildungsf\u00f6rderung f\u00fcr Th\u00fcringer Unternehmen<\/h2>\n<p>Lernen Erleben ist spezialisiert auf die Organisation und Vermittlung gef\u00f6rderter Bidlungsma\u00dfnahmen f\u00fcr Th\u00fcringer und Unternehmen und ihre Mitarbeitenden. Wir kennen die F\u00f6rderlandschaft in Th\u00fcringen und haben ein breites Netzwerk von Dozenten f\u00fcr verschiedene Themen, um daraus Angebote zu entwickeln, die Ihr Unternehmen st\u00e4rken und durch die \u00f6ffentliche Hand gef\u00f6rdert werden. Dabei \u00fcbernehmen wir f\u00fcr Sie die Antragstellung und Abrechnung der Ma\u00dfnahmen gegen\u00fcber den \u00f6ffentlichen Institutionen.<\/p>\n<p>Unser Ziel ist es, einen Beitrag zur Entwicklungsf\u00f6rderung zu leisten, damit Th\u00fcringer Unternehmen weg vom Ende der Werkbank kommen und an der Produktionskette aufsteigen, um Th\u00fcringen zu einem attraktiven Standort zu machen, f\u00fcr Unternehmen, wie auch f\u00fcr Besch\u00e4ftigte.<\/p>\n<h2>Interessiert? <a href=\"http:\/\/www.lernen-erleben.org\/?page_id=253\">Kontaktieren Sie uns!<\/a><\/h2>\n","protected":false},"excerpt":{"rendered":"<p>Weiterbildungsf\u00f6rderung f\u00fcr Th\u00fcringer Unternehmen Lernen Erleben ist spezialisiert auf die Organisation und Vermittlung gef\u00f6rderter Bidlungsma\u00dfnahmen f\u00fcr Th\u00fcringer und Unternehmen und ihre Mitarbeitenden. Wir kennen die F\u00f6rderlandschaft in Th\u00fcringen und haben ein breites Netzwerk von Dozenten f\u00fcr verschiedene Themen, um daraus Angebote zu entwickeln, die Ihr Unternehmen st\u00e4rken und durch die \u00f6ffentliche Hand gef\u00f6rdert werden. Dabei<\/p>\n","protected":false},"author":1,"featured_media":0,"parent":0,"menu_order":0,"comment_status":"closed","ping_status":"closed","template":"","meta":{"_coblocks_attr":"","_coblocks_dimensions":"","_coblocks_responsive_height":"","_coblocks_accordion_ie_support":"","footnotes":""},"class_list":["post-158","page","type-page","status-publish","hentry"],"_links":{"self":[{"href":"https:\/\/lernen-erleben.org\/index.php?rest_route=\/wp\/v2\/pages\/158","targetHints":{"allow":["GET"]}}],"collection":[{"href":"https:\/\/lernen-erleben.org\/index.php?rest_route=\/wp\/v2\/pages"}],"about":[{"href":"https:\/\/lernen-erleben.org\/index.php?rest_route=\/wp\/v2\/types\/page"}],"author":[{"embeddable":true,"href":"https:\/\/lernen-erleben.org\/index.php?rest_route=\/wp\/v2\/users\/1"}],"replies":[{"embeddable":true,"href":"https:\/\/lernen-erleben.org\/index.php?rest_route=%2Fwp%2Fv2%2Fcomments&post=158"}],"version-history":[{"count":0,"href":"https:\/\/lernen-erleben.org\/index.php?rest_route=\/wp\/v2\/pages\/158\/revisions"}],"wp:attachment":[{"href":"https:\/\/lernen-erleben.org\/index.php?rest_route=%2Fwp%2Fv2%2Fmedia&parent=158"}],"curies":[{"name":"wp","href":"https:\/\/api.w.org\/{rel}","templated":true}]}}