{"id":164,"date":"2019-07-31T11:24:57","date_gmt":"2019-07-31T09:24:57","guid":{"rendered":"http:\/\/www.lernen-erleben.org\/?page_id=164"},"modified":"2019-07-31T11:24:57","modified_gmt":"2019-07-31T09:24:57","slug":"angebot-teaser","status":"publish","type":"page","link":"https:\/\/lernen-erleben.org\/?page_id=164","title":{"rendered":"Weiterbildungsf\u00f6rderung f\u00fcr Th\u00fcringer Unternehmen"},"content":{"rendered":"<p>Weiterbildung ist ein wichtiger Faktor f\u00fcr die Wettbewerbsf\u00e4higkeit eines Unternehmens. Und der Druck steigt. Neben den Ver\u00e4nderungen am Markt, die eine stetige Anpassung der Mitarbeiterkompetenzen erfordert, steigt auch der<\/p>\n","protected":false},"excerpt":{"rendered":"<p>Weiterbildung ist ein wichtiger Faktor f\u00fcr die Wettbewerbsf\u00e4higkeit eines Unternehmens. Und der Druck steigt. Neben den Ver\u00e4nderungen am Markt, die eine stetige Anpassung der Mitarbeiterkompetenzen erfordert, steigt auch der<\/p>\n","protected":false},"author":1,"featured_media":166,"parent":0,"menu_order":0,"comment_status":"closed","ping_status":"closed","template":"","meta":{"_coblocks_attr":"","_coblocks_dimensions":"","_coblocks_responsive_height":"","_coblocks_accordion_ie_support":"","footnotes":""},"class_list":["post-164","page","type-page","status-publish","has-post-thumbnail","hentry"],"_links":{"self":[{"href":"https:\/\/lernen-erleben.org\/index.php?rest_route=\/wp\/v2\/pages\/164","targetHints":{"allow":["GET"]}}],"collection":[{"href":"https:\/\/lernen-erleben.org\/index.php?rest_route=\/wp\/v2\/pages"}],"about":[{"href":"https:\/\/lernen-erleben.org\/index.php?rest_route=\/wp\/v2\/types\/page"}],"author":[{"embeddable":true,"href":"https:\/\/lernen-erleben.org\/index.php?rest_route=\/wp\/v2\/users\/1"}],"replies":[{"embeddable":true,"href":"https:\/\/lernen-erleben.org\/index.php?rest_route=%2Fwp%2Fv2%2Fcomments&post=164"}],"version-history":[{"count":1,"href":"https:\/\/lernen-erleben.org\/index.php?rest_route=\/wp\/v2\/pages\/164\/revisions"}],"predecessor-version":[{"id":499,"href":"https:\/\/lernen-erleben.org\/index.php?rest_route=\/wp\/v2\/pages\/164\/revisions\/499"}],"wp:featuredmedia":[{"embeddable":true,"href":"https:\/\/lernen-erleben.org\/index.php?rest_route=\/wp\/v2\/media\/166"}],"wp:attachment":[{"href":"https:\/\/lernen-erleben.org\/index.php?rest_route=%2Fwp%2Fv2%2Fmedia&parent=164"}],"curies":[{"name":"wp","href":"https:\/\/api.w.org\/{rel}","templated":true}]}}