{"id":486,"date":"2019-02-06T16:39:53","date_gmt":"2019-02-06T15:39:53","guid":{"rendered":"http:\/\/le.famiju.de\/?page_id=2"},"modified":"2019-02-06T16:39:53","modified_gmt":"2019-02-06T15:39:53","slug":"beispiel-seite","status":"publish","type":"page","link":"https:\/\/lernen-erleben.org\/?page_id=486","title":{"rendered":"Impressum"},"content":{"rendered":"\n<h2 class=\"wp-block-heading\">Lernen Erleben!<\/h2>\n<p>&nbsp;<\/p>\n<p>Ein Service von:<\/p>\n\n\n\n<p>Ralf Jungnickel<br \/>Geschwister-Scholl-Str. 1<br \/>99085 Erfurt <br \/><br \/>Tel.: 0173\/5653831 \u00a0 \u00a0 \u00a0 \u00a0 \u00a0 \u00a0\u00a0 <br \/>Email: <a href=\"mailto:\/\/info@lernen-erleben.org\">info@lernen-erleben.org<\/a><\/p>\n<p>&nbsp;<\/p>\n\n\n\n<h2 class=\"wp-block-heading\">Disclaimer<\/h2>\n\n\n\n<p><strong> Haftung f\u00fcr Inhalte <\/strong><br \/>Als Diensteanbieter sind wir gemauml;\u00df \u00a7 7 Abs.1 TMG f\u00fcr eigene Inhalte auf diesen Seiten nach den allgemeinen Gesetzen verantwortlich. Nach \u00a7\u00a7 8 bis 10 TMG sind wir als Diensteanbieter jedoch nicht verpflichtet, \u00fcbermittelte oder gespeicherte fremde Informationen zu \u00fcberwachen oder nach Umstauml;nden zu forschen, die auf eine rechtswidrige Tauml;tigkeit hinweisen. Verpflichtungen zur Entfernung oder Sperrung der Nutzung von Informationen nach den allgemeinen Gesetzen bleiben hiervon unber\u00fchrt. Eine diesbez\u00fcgliche Haftung ist jedoch erst ab dem Zeitpunkt der Kenntnis einer konkreten Rechtsverletzung mouml;glich. Bei Bekanntwerden von entsprechenden Rechtsverletzungen werden wir diese Inhalte umgehend entfernen.<\/p>\n\n\n\n<p><strong>Urheberrecht<\/strong> <br \/>Die durch die Seitenbetreiber erstellten Inhalte und Werke auf diesen Seiten unterliegen dem deutschen Urheberrecht. Die Vervielfauml;ltigung, Bearbeitung, Verbreitung und jede Art der Verwertung au\u00dferhalb der Grenzen des Urheberrechtes bed\u00fcrfen der schriftlichen Zustimmung des jeweiligen Autors bzw. Erstellers. Downloads und Kopien dieser Seite sind nur f\u00fcr den privaten, nicht kommerziellen Gebrauch gestattet. Soweit die Inhalte auf dieser Seite nicht vom Betreiber erstellt wurden, werden die Urheberrechte Dritter beachtet. Insbesondere werden Inhalte Dritter als solche gekennzeichnet. Sollten Sie trotzdem auf eine Urheberrechtsverletzung aufmerksam werden, bitten wir um einen entsprechenden Hinweis. Bei Bekanntwerden von Rechtsverletzungen werden wir derartige Inhalte umgehend entfernen.<\/p>\n\n\n\n<p><em>Quellverweis: <a href=\"http:\/\/www.e-recht24.de\/muster-disclaimer.html\" target=\"_blank\" rel=\"noreferrer noopener\">eRecht24<\/a> <\/em><\/p>\n","protected":false},"excerpt":{"rendered":"<p>Lernen Erleben! &nbsp; Ein Service von: Ralf JungnickelGeschwister-Scholl-Str. 199085 Erfurt Tel.: 0173\/5653831 \u00a0 \u00a0 \u00a0 \u00a0 \u00a0 \u00a0\u00a0 Email: info@lernen-erleben.org &nbsp; Disclaimer Haftung f\u00fcr Inhalte Als Diensteanbieter sind wir gemauml;\u00df \u00a7 7 Abs.1 TMG f\u00fcr eigene Inhalte auf diesen Seiten nach den allgemeinen Gesetzen verantwortlich. Nach \u00a7\u00a7 8 bis 10 TMG sind wir als Diensteanbieter<\/p>\n","protected":false},"author":1,"featured_media":0,"parent":0,"menu_order":0,"comment_status":"closed","ping_status":"open","template":"","meta":{"_coblocks_attr":"","_coblocks_dimensions":"","_coblocks_responsive_height":"","_coblocks_accordion_ie_support":"","footnotes":""},"class_list":["post-486","page","type-page","status-publish","hentry"],"_links":{"self":[{"href":"https:\/\/lernen-erleben.org\/index.php?rest_route=\/wp\/v2\/pages\/486","targetHints":{"allow":["GET"]}}],"collection":[{"href":"https:\/\/lernen-erleben.org\/index.php?rest_route=\/wp\/v2\/pages"}],"about":[{"href":"https:\/\/lernen-erleben.org\/index.php?rest_route=\/wp\/v2\/types\/page"}],"author":[{"embeddable":true,"href":"https:\/\/lernen-erleben.org\/index.php?rest_route=\/wp\/v2\/users\/1"}],"replies":[{"embeddable":true,"href":"https:\/\/lernen-erleben.org\/index.php?rest_route=%2Fwp%2Fv2%2Fcomments&post=486"}],"version-history":[{"count":0,"href":"https:\/\/lernen-erleben.org\/index.php?rest_route=\/wp\/v2\/pages\/486\/revisions"}],"wp:attachment":[{"href":"https:\/\/lernen-erleben.org\/index.php?rest_route=%2Fwp%2Fv2%2Fmedia&parent=486"}],"curies":[{"name":"wp","href":"https:\/\/api.w.org\/{rel}","templated":true}]}}